{"id":560,"date":"2021-03-06T22:00:17","date_gmt":"2021-03-06T22:00:17","guid":{"rendered":"https:\/\/www.canadaedulatino.com\/site\/?page_id=560"},"modified":"2021-03-06T22:15:30","modified_gmt":"2021-03-06T22:15:30","slug":"a-propos","status":"publish","type":"page","link":"https:\/\/www.canadaedulatino.com\/site\/fr\/a-propos\/","title":{"rendered":"\u00c0 propos"},"content":{"rendered":"<p>Nous sommes une agence qui se concentre sur la promotion des \u00e9tudes au Canada aupr\u00e8s de clients d&#8217;Am\u00e9rique latine et des Cara\u00efbes. Nous g\u00e9rons votre candidature dans l&#8217;institution qui correspond le mieux \u00e0 vos objectifs et \u00e0 votre profil professionnel et nous vous accompagnons tout au long du processus de pr\u00e9paration de votre voyage.<\/p>\n<p>&nbsp;<\/p>\n<p>Nous sommes situ\u00e9s dans la ville de Montr\u00e9al au Canada et \u00e0 C\u00facuta en Colombie. Depuis ces deux villes, nous offrons des conseils aux \u00e9tudiants de tous les pays d&#8217;Am\u00e9rique latine.<\/p>\n<p>&nbsp;<\/p>\n<p>Notre agence est n\u00e9e apr\u00e8s avoir identifi\u00e9 le potentiel dont disposent les professionnels latino-am\u00e9ricains pour briller et atteindre leurs objectifs dans le monde entier. Les Latinos, nous sommes pers\u00e9v\u00e9rants, nous avons de la r\u00e9sistance et de la r\u00e9silience, nous sommes habitu\u00e9s \u00e0 r\u00e9soudre des probl\u00e8mes qui pour d&#8217;autres ne sont qu&#8217;une fiction.<\/p>\n<p>&nbsp;<\/p>\n<p>Canada offre une \u00e9ducation de qualit\u00e9 \u00e0 un prix tr\u00e8s comp\u00e9titif. Son syst\u00e8me \u00e9ducatif permet d&#8217;obtenir des comp\u00e9tences dans des domaines de pointe et adapt\u00e9es aux normes de qualit\u00e9 internationales, sans que cela soit une t\u00e2che impossible. En outre, elle a une forte demande de professionnels et des programmes de migration tr\u00e8s attrayants.<\/p>\n<p>&nbsp;<\/p>\n<p>\u00c9tudier au Canada peut \u00eatre la porte d&#8217;entr\u00e9e vers un pays aux caract\u00e9ristiques in\u00e9gal\u00e9es.<\/p>\n<p>&nbsp;<\/p>\n<p>Notre \u00e9quipe s&#8217;efforce de r\u00e9pondre \u00e0 vos questions, de vous conseiller, de vous soutenir dans la proc\u00e9dure de candidature \u00e0 votre programme d&#8217;\u00e9tudes et de vous aider dans les proc\u00e9dures d&#8217;immigration, toujours \u00e0 la recherche d&#8217;une candidature r\u00e9ussie.<\/p>\n<div class=\"cta-element\"><h2 class=\"cta-title\">Nous serons heureux de vous aider...<\/h2><a class=\"button\" href=\"https:\/\/www.canadaedulatino.com\/site\/connect\/\">Contactez-nous<\/a><\/div>\n","protected":false},"excerpt":{"rendered":"<p>Nous sommes une agence qui se concentre sur la promotion des \u00e9tudes au Canada aupr\u00e8s de clients d&#8217;Am\u00e9rique latine et [&hellip;]<\/p>\n","protected":false},"author":1,"featured_media":0,"parent":0,"menu_order":0,"comment_status":"closed","ping_status":"closed","template":"template-full-custom.php","meta":[],"aioseo_notices":[],"_links":{"self":[{"href":"https:\/\/www.canadaedulatino.com\/site\/wp-json\/wp\/v2\/pages\/560"}],"collection":[{"href":"https:\/\/www.canadaedulatino.com\/site\/wp-json\/wp\/v2\/pages"}],"about":[{"href":"https:\/\/www.canadaedulatino.com\/site\/wp-json\/wp\/v2\/types\/page"}],"author":[{"embeddable":true,"href":"https:\/\/www.canadaedulatino.com\/site\/wp-json\/wp\/v2\/users\/1"}],"replies":[{"embeddable":true,"href":"https:\/\/www.canadaedulatino.com\/site\/wp-json\/wp\/v2\/comments?post=560"}],"version-history":[{"count":4,"href":"https:\/\/www.canadaedulatino.com\/site\/wp-json\/wp\/v2\/pages\/560\/revisions"}],"predecessor-version":[{"id":565,"href":"https:\/\/www.canadaedulatino.com\/site\/wp-json\/wp\/v2\/pages\/560\/revisions\/565"}],"wp:attachment":[{"href":"https:\/\/www.canadaedulatino.com\/site\/wp-json\/wp\/v2\/media?parent=560"}],"curies":[{"name":"wp","href":"https:\/\/api.w.org\/{rel}","templated":true}]}}