{"id":556,"date":"2021-03-06T22:14:37","date_gmt":"2021-03-06T22:14:37","guid":{"rendered":"https:\/\/www.canadaedulatino.com\/site\/?page_id=556"},"modified":"2021-03-06T22:14:37","modified_gmt":"2021-03-06T22:14:37","slug":"quienes-somos","status":"publish","type":"page","link":"https:\/\/www.canadaedulatino.com\/site\/es\/quienes-somos\/","title":{"rendered":"Qui\u00e9nes somos"},"content":{"rendered":"<p>Somos una agencia enfocada en promover estudios en Canad\u00e1 a clientes de Latinoam\u00e9rica y el Caribe. Gestionamos tu aplicaci\u00f3n en la instituci\u00f3n que se adapte m\u00e1s a tus metas y tu perfil profesional y te acompa\u00f1amos en todo el proceso de preparaci\u00f3n de tu viaje.<\/p>\n<p>&nbsp;<\/p>\n<p>Estamos ubicados en la ciudad de Montreal en Canad\u00e1 y en C\u00facuta Colombia. Desde ambas ciudades ofrecemos asesor\u00eda a estudiantes de todos los pa\u00edses de Latinoam\u00e9rica.<\/p>\n<p>&nbsp;<\/p>\n<p>Nuestra agencia naci\u00f3 despu\u00e9s de identificar el potencial que tienen los profesionales Latinoamericanos de brillar y alcanzar sus metas en el mundo entero. Los Latinos, somos perseverantes, tenemos resistencia y resiliencia, estamos acostumbrados a resolver problemas que para otros son solo cuesti\u00f3n de ficci\u00f3n.<\/p>\n<p>&nbsp;<\/p>\n<p>Canad\u00e1 por su parte ofrece educaci\u00f3n de calidad, a un precio bastante competitivo. Su sistema de Educaci\u00f3n permite obtener competencias en dominios avanzados y adaptados a est\u00e1ndares de calidad internacional, sin que esto suponga una tarea imposible. Adicionalmente, cuenta con alta demanda de profesionales, y programas de migraci\u00f3n muy atractivos.<\/p>\n<p>&nbsp;<\/p>\n<p>Estudiar en Canad\u00e1 puede ser la puerta de entrada a un pa\u00eds de caracter\u00edsticas inigualables.<\/p>\n<p>&nbsp;<\/p>\n<p>Nuestro equipo se concentra en atender tus inquietudes, brindarte asesor\u00eda, apoyarte en el proceso de aplicaci\u00f3n a tu programa de estudios y asistirte con los tr\u00e1mites de migraci\u00f3n, buscando en todo momento una aplicaci\u00f3n exitosa.<br \/>\nCont\u00e1ctanos para saber m\u00e1s, con gusto te atenderemos.<\/p>\n<div class=\"cta-element\"><h2 class=\"cta-title\">Estamos para ayudarte...<\/h2><a class=\"button\" href=\"https:\/\/www.canadaedulatino.com\/site\/connect\/\">Contactanos<\/a><\/div>\n","protected":false},"excerpt":{"rendered":"<p>Somos una agencia enfocada en promover estudios en Canad\u00e1 a clientes de Latinoam\u00e9rica y el Caribe. Gestionamos tu aplicaci\u00f3n en [&hellip;]<\/p>\n","protected":false},"author":1,"featured_media":571,"parent":0,"menu_order":0,"comment_status":"closed","ping_status":"closed","template":"template-full-custom.php","meta":[],"aioseo_notices":[],"_links":{"self":[{"href":"https:\/\/www.canadaedulatino.com\/site\/wp-json\/wp\/v2\/pages\/556"}],"collection":[{"href":"https:\/\/www.canadaedulatino.com\/site\/wp-json\/wp\/v2\/pages"}],"about":[{"href":"https:\/\/www.canadaedulatino.com\/site\/wp-json\/wp\/v2\/types\/page"}],"author":[{"embeddable":true,"href":"https:\/\/www.canadaedulatino.com\/site\/wp-json\/wp\/v2\/users\/1"}],"replies":[{"embeddable":true,"href":"https:\/\/www.canadaedulatino.com\/site\/wp-json\/wp\/v2\/comments?post=556"}],"version-history":[{"count":3,"href":"https:\/\/www.canadaedulatino.com\/site\/wp-json\/wp\/v2\/pages\/556\/revisions"}],"predecessor-version":[{"id":572,"href":"https:\/\/www.canadaedulatino.com\/site\/wp-json\/wp\/v2\/pages\/556\/revisions\/572"}],"wp:featuredmedia":[{"embeddable":true,"href":"https:\/\/www.canadaedulatino.com\/site\/wp-json\/wp\/v2\/media\/571"}],"wp:attachment":[{"href":"https:\/\/www.canadaedulatino.com\/site\/wp-json\/wp\/v2\/media?parent=556"}],"curies":[{"name":"wp","href":"https:\/\/api.w.org\/{rel}","templated":true}]}}