{"id":480,"date":"2021-01-28T04:32:53","date_gmt":"2021-01-28T04:32:53","guid":{"rendered":"https:\/\/www.canadaedulatino.com\/site\/?page_id=480"},"modified":"2022-02-12T22:09:38","modified_gmt":"2022-02-13T03:09:38","slug":"cursos-de-idiomas-en-canada","status":"publish","type":"page","link":"https:\/\/www.canadaedulatino.com\/site\/es\/cursos-de-idiomas-en-canada\/","title":{"rendered":"Cursos de Idiomas en Canada"},"content":{"rendered":"<p>\u00danase a la academia de idiomas asociada ILSC y elija entre la amplia selecci\u00f3n de programas de idiomas que tenemos para usted, ya sea ingl\u00e9s o franc\u00e9s, tenemos la opci\u00f3n adecuada para sus necesidades.<\/p>\n<h1>Explora lo que podemos ofrecerte:<\/h1>\n<div class=\"services-wrapper services-fullbox cols-wrapper cols-3\" style=\"background-color:#252525;color:#ffffff;\"><div class=\"services-box col\"><div class=\"img-container\"><img src=\"https:\/\/www.canadaedulatino.com\/site\/wp-content\/uploads\/2021\/01\/gen-english-1-618x411.jpg\" alt=\"Cursos Generales de Idiomas (Ingl\u00e9s o Franc\u00e9s)\"\/><\/div><div class=\"services-content\"><div class=\"sc-wraper\"><h3>Cursos Generales de Idiomas (Ingl\u00e9s o Franc\u00e9s)<\/h3><p>Comienza a construir las bases del idioma de tu preferencia o aumenta tus habilidades de comunicaci\u00f3n en Ingl\u00e9s o en Franc\u00e9s<\/p><\/div><\/div><\/div><div class=\"services-box col\"><div class=\"img-container\"><img src=\"https:\/\/www.canadaedulatino.com\/site\/wp-content\/uploads\/2021\/01\/academic-618x411.jpg\" alt=\"Programa de Idiomas Universitario\"\/><\/div><div class=\"services-content\"><div class=\"sc-wraper\"><h3>Programa de Idiomas Universitario<\/h3><p>Al completar el programa de idiomas universitario de ILSC cumples con el requisito de entrada del idioma para la mayor\u00eda de los programas de estudios de m\u00e1s de 150 universidades, colegios y TAFEs en Australia, Canad\u00e1 y los EE.UU. \u00a1Sin necesidad de TOEFL, IELTS o examen DELF! Prep\u00e1rate para el \u00e9xito en un programa post-secundario de ingl\u00e9s con ILSC.<\/p><\/div><\/div><\/div><div class=\"services-box col nomargin\"><div class=\"img-container\"><img src=\"https:\/\/www.canadaedulatino.com\/site\/wp-content\/uploads\/2021\/01\/pexels-amina-filkins-5409680-618x411.jpg\" alt=\"Creativo y cultural\"\/><\/div><div class=\"services-content\"><div class=\"sc-wraper\"><h3>Creativo y cultural<\/h3><p>Aprende ingl\u00e9s o franc\u00e9s a trav\u00e9s de temas creativos y culturales que despierten tus pasiones e intereses personales. Elige entre una variedad de clases \u00fanicas y atractivas para desarrollar tus habilidades comunicativas. Clases como Ingl\u00e9s a trav\u00e9s de la ciudad, Cine, Arte, Fotograf\u00eda, Comida y m\u00e1s te ayudar\u00e1n a profundizar en la cultura local o a explorar temas creativos que te interesan personalmente. Construye un programa de estudios flexible con estas clases din\u00e1micas que ampliar\u00e1n tus conocimientos y tus habilidades ling\u00fc\u00edsticas.<\/p><\/div><\/div><\/div><div class=\"services-box col\"><div class=\"img-container\"><img src=\"https:\/\/www.canadaedulatino.com\/site\/wp-content\/uploads\/2021\/01\/ielts-618x411.jpg\" alt=\"Preparaci\u00f3n acad\u00e9mica y para ex\u00e1menes\"\/><\/div><div class=\"services-content\"><div class=\"sc-wraper\"><h3>Preparaci\u00f3n acad\u00e9mica y para ex\u00e1menes<\/h3><p>Conc\u00e9ntrate en las habilidades ling\u00fc\u00edsticas espec\u00edficas necesarias para tener \u00e9xito en las pruebas de evaluaci\u00f3n ling\u00fc\u00edstica comunes o en la educaci\u00f3n superior. Prep\u00e1rate para pruebas como: IELTS, TOEFL, Cambridge, TOEIC, DELF TEF y TEFaQ<\/p><\/div><\/div><\/div><div class=\"services-box col\"><div class=\"img-container\"><img src=\"https:\/\/www.canadaedulatino.com\/site\/wp-content\/uploads\/2021\/01\/business-lang-618x411.jpg\" alt=\"Habilidades empresariales y ejecutivas\"\/><\/div><div class=\"services-content\"><div class=\"sc-wraper\"><h3>Habilidades empresariales y ejecutivas<\/h3><p>Apunta a las habilidades y el vocabulario necesarios para una comunicaci\u00f3n empresarial eficaz. Elije entre una variedad de clases \u00fanicas y atractivas para desarrollar tus habilidades de ingl\u00e9s de negocios o aprender a comunicarte eficazmente en entornos profesionales de habla francesa en un programa corto e intensivo.<\/p><\/div><\/div><\/div><div class=\"services-box col nomargin\"><div class=\"img-container\"><img src=\"https:\/\/www.canadaedulatino.com\/site\/wp-content\/uploads\/2021\/01\/online-learning-618x411.jpg\" alt=\"Aprendizaje en L\u00ednea\"\/><\/div><div class=\"services-content\"><div class=\"sc-wraper\"><h3>Aprendizaje en L\u00ednea<\/h3><p>Desarrolla tus habilidades ling\u00fc\u00edsticas desde cualquier parte del mundo a trav\u00e9s de clases interactivas en l\u00ednea impartidas por instructores experimentados de ILSC que adaptar\u00e1n el contenido del curso a tus necesidades y objetivos de aprendizaje<\/p><\/div><\/div><\/div><div class=\"clear\"><\/div><\/div>\n<div class=\"section-full-width section-light-bg\" style=\"background-color:#f7f7f7;\" id=\"horariosdeestudio\"><div class=\"section-boxed\" style=\"color:#373737;\"><h2 class=\"section-title\" style=\"color:#252525;\">Horarios de estudio<\/h2><p>Elije el horario de estudio que se adapte a tus necesidades y objetivos de aprendizaje. Cuantas m\u00e1s lecciones tomes cada semana, m\u00e1s r\u00e1pido progresar\u00e1n tus habilidades.<\/p>\n<p><strong>CLASES B\u00c1SICAS:<\/strong>\u00a0Las clases b\u00e1sicas proporcionan una base s\u00f3lida y completa en la materia.<\/p>\n<p><strong>CLASES DE HABILIDADES:<\/strong>\u00a0Las clases de habilidades se basan en su aprendizaje b\u00e1sico y mejoran las habilidades ling\u00fc\u00edsticas a trav\u00e9s de contenidos centrados en sus intereses particulares, \u00e1reas d\u00e9biles, o para ayudarle a alcanzar objetivos de aprendizaje espec\u00edficos.<\/p>\n<p><strong>PROGRAMA:<\/strong>\u00a0Un programa en ILSC es el paquete de estudios que construyes y que satisface tus intereses y te ayuda a alcanzar tus objetivos. Un programa tambi\u00e9n puede ser una selecci\u00f3n de clases pre-empaquetadas creadas por ILSC.<\/p>\n<p>1 lecci\u00f3n = 50 minutos.<\/p>\n<h2>Opciones Disponibles<\/h2>\n<div style=\"width: 550px:;\"><div class=\"accordion-container\"><br \/>\n<div class=\"accordion-title\">Horario intensivo a tiempo completo (30 lecciones \/ semana)<span class=\"ac-indicator\"><\/span><\/div><div class=\"pane\"><strong>DE LUNES A VIERNES : 8:30 &#8211; 11:15<\/strong>Elige una <strong>CLASE PRINCIPAL<\/strong><\/p>\n<p><strong>DE LUNES A VIERNES : 11:45AM &#8211; 1:00PM<\/strong><\/p>\n<p>Elige una <strong>CLASE DE HABILIDADES<\/strong><\/p>\n<p><strong>DE LUNES A VIERNES: 13:15 &#8211; 14:15 (TORONTO Y MONTREAL)<\/strong><\/p>\n<p>Elige una <strong>CLASE DE HABILIDADES<\/strong><\/p>\n<p><strong>DE LUNES A VIERNES: 14:00 &#8211; 15:00 (VANCOUVER)<\/strong><\/p>\n<p>Elige una <strong>CLASE DE HABILIDADES<\/strong><\/p>\n<p><div class=\"clear\"><\/div><\/div> <div class=\"accordion-title\">Horario de ma\u00f1ana a tiempo completo (24 lecciones \/ semana)<span class=\"ac-indicator\"><\/span><\/div><div class=\"pane\"><\/p>\n<p><strong>DE LUNES A VIERNES : 8:30 &#8211; 11:15<\/strong><\/p>\n<p>Elige una <strong>CLASE PRINCIPAL<\/strong><\/p>\n<p><strong>DE LUNES A VIERNES : 11:45PM &#8211; 1:00PM<\/strong><\/p>\n<p>Elige una <strong>CLASE DE HABILIDADES<\/strong><\/p>\n<hr \/>\n<p><div class=\"clear\"><\/div><\/div> <div class=\"accordion-title\">Horario de tarde a tiempo completo (24 lecciones \/ semana)<span class=\"ac-indicator\"><\/span><\/div><div class=\"pane\"><\/p>\n<p><strong>DE LUNES A MI\u00c9RCOLES : 13:15 &#8211; 17:15<\/strong><\/p>\n<p>Elija una <strong>CLASE PRINCIPAL<\/strong><\/p>\n<p><strong>JUEVES A VIERNES : 13:15 &#8211; 17:15<\/strong><\/p>\n<p>Elija una <strong>CLASE DE HABILIDADES<\/strong><\/p>\n<hr \/>\n<p><em>Nuevo horario disponible a partir del 4 de enero de 2021<\/em><\/p>\n<p><div class=\"clear\"><\/div><\/div><\/p>\n<div class=\"accordion-title\">Horario de ma\u00f1ana a tiempo parcial (17 lecciones \/ semana)<span class=\"ac-indicator\"><\/span><\/div><div class=\"pane\"><\/p>\n<p><strong>DE LUNES A VIERNES : 8:30 &#8211; 11:15<\/strong><\/p>\n<p>Elija una <strong>CLASE PRINCIPAL<\/strong><\/p>\n<p><div class=\"clear\"><\/div><\/div>\n<div class=\"accordion-title\">Horario de tarde a tiempo parcial (13 lecciones \/ semana)<span class=\"ac-indicator\"><\/span><\/div><div class=\"pane\"><\/p>\n<p><strong>DE LUNES A MI\u00c9RCOLES : 13:15 &#8211; 17:15<\/strong><\/p>\n<p>Elija una <strong>CLASE PRINCIPAL<\/strong><\/p>\n<p><div class=\"clear\"><\/div><\/div>\n<p><\/div><\/p>\n<\/div>\n<p>\n<\/div><\/div>\n<div class=\"cta-element\"><h2 class=\"cta-title\">\u00bfA\u00fan no sabes cu\u00e1l es el mejor curso para ti?<\/h2><a class=\"button\" href=\"https:\/\/canadaedulatino.mailchimpsites.com\/\" style=\"background-color:#eb1212\">Contactanos!<\/a><\/div>\n<p>&nbsp;<\/p>\n","protected":false},"excerpt":{"rendered":"<p>\u00danase a la academia de idiomas asociada ILSC y elija entre la amplia selecci\u00f3n de programas de idiomas que tenemos [&hellip;]<\/p>\n","protected":false},"author":1,"featured_media":0,"parent":0,"menu_order":0,"comment_status":"closed","ping_status":"closed","template":"","meta":[],"aioseo_notices":[],"_links":{"self":[{"href":"https:\/\/www.canadaedulatino.com\/site\/wp-json\/wp\/v2\/pages\/480"}],"collection":[{"href":"https:\/\/www.canadaedulatino.com\/site\/wp-json\/wp\/v2\/pages"}],"about":[{"href":"https:\/\/www.canadaedulatino.com\/site\/wp-json\/wp\/v2\/types\/page"}],"author":[{"embeddable":true,"href":"https:\/\/www.canadaedulatino.com\/site\/wp-json\/wp\/v2\/users\/1"}],"replies":[{"embeddable":true,"href":"https:\/\/www.canadaedulatino.com\/site\/wp-json\/wp\/v2\/comments?post=480"}],"version-history":[{"count":4,"href":"https:\/\/www.canadaedulatino.com\/site\/wp-json\/wp\/v2\/pages\/480\/revisions"}],"predecessor-version":[{"id":753,"href":"https:\/\/www.canadaedulatino.com\/site\/wp-json\/wp\/v2\/pages\/480\/revisions\/753"}],"wp:attachment":[{"href":"https:\/\/www.canadaedulatino.com\/site\/wp-json\/wp\/v2\/media?parent=480"}],"curies":[{"name":"wp","href":"https:\/\/api.w.org\/{rel}","templated":true}]}}