{"id":234,"date":"2021-01-09T23:46:49","date_gmt":"2021-01-09T23:46:49","guid":{"rendered":"https:\/\/www.canadaeduconsult.com\/site\/?page_id=234"},"modified":"2021-01-28T04:46:08","modified_gmt":"2021-01-28T04:46:08","slug":"services-2","status":"publish","type":"page","link":"https:\/\/www.canadaedulatino.com\/site\/fr\/services-2\/","title":{"rendered":"Services"},"content":{"rendered":"<div class=\"section-full-width section-light-bg\" style=\"background-color:#f7f7f7; min-height:400px;\" id=\"coursdelangues\"><div class=\"section-boxed\" style=\"color:#373737;\"><h2 class=\"section-title\" style=\"color:#252525;\">Cours de langues<\/h2><h4 style=\"color:#252525;\" class=\"sub-title\">\u00c9tudier l&#39;anglais ou le fran\u00e7ais au Canada<\/h4><p><img decoding=\"async\" loading=\"lazy\" class=\"img-frame alignright\" src=\"https:\/\/www.canadaeduconsult.com\/site\/wp-content\/uploads\/2021\/01\/student-1011-sq.jpg\" alt=\"\" width=\"350\" height=\"350\" \/><br \/>\nD\u00e9couvrez le deuxi\u00e8me plus grand pays du monde, o\u00f9 les paysages \u00e9tonnants et \u00e9tendus sont aussi vari\u00e9s que les divers peuples qui ont construit et red\u00e9finissent continuellement cette jeune nation. \u00c9tudiez l&#8217;anglais au Canada, ou \u00e9tudiez le fran\u00e7ais et d\u00e9couvrez une culture de classe mondiale, une qualit\u00e9 de vie \u00e9lev\u00e9e et une multitude de possibilit\u00e9s.<\/p>\n<p style=\"text-align: center;\"><a class=\"button\" style=\"background-color: #ff0000;\" href=\"https:\/\/www.canadaedulatino.com\/site\/fr\/cours-de-langues-au-canada\/\">En savoir plus!<\/a><\/p>\n<p>\n<\/div><\/div>\n<div class=\"section-full-width section-light-bg\" style=\"background-color:#ffffff;\" id=\"programmesd39\u00e9tudes\"><div class=\"section-boxed\" style=\"color:#373737;\"><h2 class=\"section-title\" style=\"color:#252525;\">Programmes d&#39;\u00e9tudes<\/h2><h4 style=\"color:#252525;\" class=\"sub-title\">Poursuivez votre r\u00eave d&#39;\u00e9tudier \u00e0 l&#39;\u00e9tranger<\/h4><\/p>\n<div class=\"tb-f18-lg tb-line1-67 tb-mp0 tb-mb-8 tb-description\">D\u00e9couvrez les possibilit\u00e9s qui s&#8217;offrent \u00e0 vous au Canada. Faites-vous jumeler et postulez \u00e0 des programmes dans des \u00e9tablissements d&#8217;enseignement qui r\u00e9pondent \u00e0 vos besoins, et commencez votre voyage d&#8217;\u00e9tudes \u00e0 l&#8217;\u00e9tranger !<\/div>\n<div><\/div>\n<div>\n<div class=\"services-wrapper services-boxed-photo cols-wrapper cols-2\"><div class=\"services-box col\"><div class=\"img-container\"><img src=\"https:\/\/www.canadaedulatino.com\/site\/wp-content\/uploads\/2021\/01\/undergraduate-569x379.jpg\" alt=\"Premier cycle universitaire\"\/><\/div><div class=\"services-content\"><div class=\"sc-wraper\"><h3>Premier cycle universitaire<\/h3><p>Choisissez parmi notre plus grande s\u00e9lection de programmes de premier cycle dans nos \u00e9coles partenaires.<\/p><\/div><\/div><\/div><div class=\"services-box col nomargin\"><div class=\"img-container\"><img src=\"https:\/\/www.canadaedulatino.com\/site\/wp-content\/uploads\/2021\/01\/graduate-569x379.jpg\" alt=\"Dipl\u00f4mes de troisi\u00e8me cycle, ma\u00eetrises, doctorats\"\/><\/div><div class=\"services-content\"><div class=\"sc-wraper\"><h3>Dipl\u00f4mes de troisi\u00e8me cycle, ma\u00eetrises, doctorats<\/h3><p>Faites votre choix parmi notre large s\u00e9lection de ma\u00eetrises, de doctorats et de dipl\u00f4mes professionnels dans l'un de nos \u00e9tablissements partenaires.<\/p><\/div><\/div><\/div><div class=\"clear\"><\/div><\/div>\n<\/div>\n<h2><\/h2>\n<p>\n<\/div><\/div>\n<div class=\"section-full-width section-light-bg\" style=\"background-color:#f7f7f7;\" id=\"nosdestinationsaucanada\"><div class=\"section-boxed\" style=\"color:#373737;\"><h2 class=\"section-title\" style=\"color:#252525;\">Nos destinations au Canada<\/h2><h4 style=\"color:#252525;\" class=\"sub-title\">\u00c9tudiez dans l&#39;une de nos incroyables destinations.<\/h4><div class=\"services-wrapper services-boxed-photo cols-wrapper cols-3\"><div class=\"services-box col\"><div class=\"img-container\"><img src=\"https:\/\/www.canadaeduconsult.com\/site\/wp-content\/uploads\/2021\/01\/toronto.jpg\" alt=\"Toronto\"\/><\/div><div class=\"services-content\"><div class=\"sc-wraper\"><h3>Toronto<\/h3><p>Toronto est la plus grande ville du Canada et un leader mondial dans des domaines tels que les affaires, la finance, la technologie, le divertissement et la culture. Sa forte population d'immigrants venus du monde entier a \u00e9galement fait de Toronto l'une des villes les plus multiculturelles du monde.<\/p><\/div><\/div><\/div><div class=\"services-box col\"><div class=\"img-container\"><img src=\"https:\/\/www.canadaeduconsult.com\/site\/wp-content\/uploads\/2021\/01\/vancouver.jpg\" alt=\"Vancouver\"\/><\/div><div class=\"services-content\"><div class=\"sc-wraper\"><h3>Vancouver<\/h3><p>Un cadre spectaculaire et s\u00fbr - Des montagnes majestueuses, un oc\u00e9an \u00e9tincelant, des for\u00eats tropicales et un magnifique feuillage tout au long des quatre saisons font de Vancouver l'une des plus belles villes du monde. ... Une ville o\u00f9 il fait bon marcher, Vancouver est propre, verte, s\u00fbre et facilement accessible !<\/p><\/div><\/div><\/div><div class=\"services-box col nomargin\"><div class=\"img-container\"><img src=\"https:\/\/www.canadaeduconsult.com\/site\/wp-content\/uploads\/2021\/01\/montreal.jpg\" alt=\"Montr\u00e9al\"\/><\/div><div class=\"services-content\"><div class=\"sc-wraper\"><h3>Montr\u00e9al<\/h3><p>Un lieu d'apprentissage. Montr\u00e9al est reconnue comme la capitale \u00e9ducative et culturelle du Canada. C'est la premi\u00e8re ville bilingue au monde (anglais et fran\u00e7ais), offrant aux \u00e9tudiants une exp\u00e9rience linguistique riche et immersive, tant \u00e0 l'int\u00e9rieur qu'\u00e0 l'ext\u00e9rieur de la salle de classe.<\/p><\/div><\/div><\/div><div class=\"clear\"><\/div><\/div>\n<h2><\/h2>\n<p>\n<\/div><\/div>\n","protected":false},"excerpt":{"rendered":"","protected":false},"author":1,"featured_media":29,"parent":0,"menu_order":0,"comment_status":"closed","ping_status":"closed","template":"template-full-custom.php","meta":[],"aioseo_notices":[],"_links":{"self":[{"href":"https:\/\/www.canadaedulatino.com\/site\/wp-json\/wp\/v2\/pages\/234"}],"collection":[{"href":"https:\/\/www.canadaedulatino.com\/site\/wp-json\/wp\/v2\/pages"}],"about":[{"href":"https:\/\/www.canadaedulatino.com\/site\/wp-json\/wp\/v2\/types\/page"}],"author":[{"embeddable":true,"href":"https:\/\/www.canadaedulatino.com\/site\/wp-json\/wp\/v2\/users\/1"}],"replies":[{"embeddable":true,"href":"https:\/\/www.canadaedulatino.com\/site\/wp-json\/wp\/v2\/comments?post=234"}],"version-history":[{"count":7,"href":"https:\/\/www.canadaedulatino.com\/site\/wp-json\/wp\/v2\/pages\/234\/revisions"}],"predecessor-version":[{"id":489,"href":"https:\/\/www.canadaedulatino.com\/site\/wp-json\/wp\/v2\/pages\/234\/revisions\/489"}],"wp:featuredmedia":[{"embeddable":true,"href":"https:\/\/www.canadaedulatino.com\/site\/wp-json\/wp\/v2\/media\/29"}],"wp:attachment":[{"href":"https:\/\/www.canadaedulatino.com\/site\/wp-json\/wp\/v2\/media?parent=234"}],"curies":[{"name":"wp","href":"https:\/\/api.w.org\/{rel}","templated":true}]}}