{"id":225,"date":"2021-01-09T03:10:40","date_gmt":"2021-01-09T03:10:40","guid":{"rendered":"https:\/\/www.canadaeduconsult.com\/site\/?page_id=225"},"modified":"2021-01-28T04:41:22","modified_gmt":"2021-01-28T04:41:22","slug":"servicios","status":"publish","type":"page","link":"https:\/\/www.canadaedulatino.com\/site\/es\/servicios\/","title":{"rendered":"Servicios"},"content":{"rendered":"<div class=\"section-full-width section-light-bg\" style=\"background-color:#f7f7f7; min-height:400px;\" id=\"cursosdeidiomas\"><div class=\"section-boxed\" style=\"color:#373737;\"><h2 class=\"section-title\" style=\"color:#252525;\">Cursos de Idiomas<\/h2><h4 style=\"color:#252525;\" class=\"sub-title\">Estudia Ingl\u00e9s o Franc\u00e9s en Canada<\/h4><p><img decoding=\"async\" loading=\"lazy\" class=\"img-frame alignright\" src=\"https:\/\/www.canadaeduconsult.com\/site\/wp-content\/uploads\/2021\/01\/student-1011-sq.jpg\" alt=\"\" width=\"350\" height=\"350\" \/><br \/>\nDescubra el segundo pa\u00eds m\u00e1s grande del mundo, donde los incre\u00edbles y extensos paisajes son tan variados como los diversos pueblos que construyeron y continuamente redefinen esta joven naci\u00f3n. Estudie ingl\u00e9s en Canad\u00e1, o estudie franc\u00e9s y experimente la cultura de clase mundial, una alta calidad de vida y una gran cantidad de oportunidades.<\/p>\n<p style=\"text-align: center;\"><a class=\"button\" style=\"background-color: #ff0000;\" href=\"https:\/\/www.canadaedulatino.com\/site\/es\/cursos-de-idiomas-en-canada\/\">Aprende m\u00e1s!<\/a><\/p>\n<p>\n<\/div><\/div>\n<div class=\"section-full-width section-light-bg\" style=\"background-color:#ffffff;\" id=\"programasdeestudiouniversitario\"><div class=\"section-boxed\" style=\"color:#373737;\"><h2 class=\"section-title\" style=\"color:#252525;\">Programas de Estudio Universitario<\/h2><h4 style=\"color:#252525;\" class=\"sub-title\">Persigue tu sue\u00f1o de estudiar en el extranjero<\/h4><\/p>\n<div class=\"tb-f18-lg tb-line1-67 tb-mp0 tb-mb-8 tb-description\">Descubra las oportunidades en todo el Canad\u00e1. Consiga programas en instituciones educativas que se ajusten a sus necesidades y comience su viaje de estudios al extranjero!<\/div>\n<div><\/div>\n<div>\n<div class=\"services-wrapper services-boxed-photo cols-wrapper cols-2\"><div class=\"services-box col\"><div class=\"img-container\"><img src=\"https:\/\/www.canadaedulatino.com\/site\/wp-content\/uploads\/2021\/01\/undergraduate-569x379.jpg\" alt=\"Pregrados\"\/><\/div><div class=\"services-content\"><div class=\"sc-wraper\"><h3>Pregrados<\/h3><p>Escoge entre nuestra amplia gama de programas de pregrado en cualquiera de las instituciones que representamos.<\/p><\/div><\/div><\/div><div class=\"services-box col nomargin\"><div class=\"img-container\"><img src=\"https:\/\/www.canadaedulatino.com\/site\/wp-content\/uploads\/2021\/01\/graduate-569x379.jpg\" alt=\"Postgrados\"\/><\/div><div class=\"services-content\"><div class=\"sc-wraper\"><h3>Postgrados<\/h3><p>Escoge entre nuestra variedad de maestrias, doctorados y diplomados en una de las instituciones que representamos.<\/p><\/div><\/div><\/div><div class=\"clear\"><\/div><\/div>\n<\/div>\n<h2><\/h2>\n<p>\n<\/div><\/div>\n<div class=\"section-full-width section-light-bg\" style=\"background-color:#f7f7f7;\" id=\"nuestrosdestinosencanada\"><div class=\"section-boxed\" style=\"color:#373737;\"><h2 class=\"section-title\" style=\"color:#252525;\">Nuestros destinos en Canada<\/h2><h4 style=\"color:#252525;\" class=\"sub-title\">Estudie en uno de nuestros incre\u00edbles destinos.<\/h4><div class=\"services-wrapper services-boxed-photo cols-wrapper cols-3\"><div class=\"services-box col\"><div class=\"img-container\"><img src=\"https:\/\/www.canadaeduconsult.com\/site\/wp-content\/uploads\/2021\/01\/toronto.jpg\" alt=\"Toronto\"\/><\/div><div class=\"services-content\"><div class=\"sc-wraper\"><h3>Toronto<\/h3><p>Toronto es la ciudad m\u00e1s grande de Canad\u00e1 y l\u00edder mundial en \u00e1reas tales como negocios, finanzas, tecnolog\u00eda, entretenimiento y cultura. Su gran poblaci\u00f3n de inmigrantes de todo el mundo tambi\u00e9n ha hecho de Toronto una de las ciudades m\u00e1s multiculturales del mundo. Haci\u00e9ndola uno de los destinos m\u00e1s atractivos para los estudiantes internacionales.<\/p><\/div><\/div><\/div><div class=\"services-box col\"><div class=\"img-container\"><img src=\"https:\/\/www.canadaeduconsult.com\/site\/wp-content\/uploads\/2021\/01\/vancouver.jpg\" alt=\"Vancouver\"\/><\/div><div class=\"services-content\"><div class=\"sc-wraper\"><h3>Vancouver<\/h3><p>Entorno espectacular y seguro - Majestuosas monta\u00f1as, brillante oc\u00e9ano, selvas tropicales y un hermoso follaje a lo largo de las cuatro estaciones hacen de Vancouver una de las ciudades m\u00e1s bellas del mundo. ... Una gran ciudad para caminar, Vancouver es limpia, verde, segura y de f\u00e1cil acceso!<\/p><\/div><\/div><\/div><div class=\"services-box col nomargin\"><div class=\"img-container\"><img src=\"https:\/\/www.canadaeduconsult.com\/site\/wp-content\/uploads\/2021\/01\/montreal.jpg\" alt=\"Montreal\"\/><\/div><div class=\"services-content\"><div class=\"sc-wraper\"><h3>Montreal<\/h3><p>Un lugar para aprender. Montreal es reconocida como la capital educativa y cultural del Canad\u00e1. Es la ciudad biling\u00fce (ingl\u00e9s y franc\u00e9s) m\u00e1s importante del mundo, que ofrece a los estudiantes una experiencia ling\u00fc\u00edstica rica e inmersiva tanto dentro como fuera del aula.<\/p><\/div><\/div><\/div><div class=\"clear\"><\/div><\/div>\n<h2><\/h2>\n<p>\n<\/div><\/div>\n","protected":false},"excerpt":{"rendered":"","protected":false},"author":1,"featured_media":29,"parent":0,"menu_order":0,"comment_status":"closed","ping_status":"closed","template":"template-full-custom.php","meta":[],"aioseo_notices":[],"_links":{"self":[{"href":"https:\/\/www.canadaedulatino.com\/site\/wp-json\/wp\/v2\/pages\/225"}],"collection":[{"href":"https:\/\/www.canadaedulatino.com\/site\/wp-json\/wp\/v2\/pages"}],"about":[{"href":"https:\/\/www.canadaedulatino.com\/site\/wp-json\/wp\/v2\/types\/page"}],"author":[{"embeddable":true,"href":"https:\/\/www.canadaedulatino.com\/site\/wp-json\/wp\/v2\/users\/1"}],"replies":[{"embeddable":true,"href":"https:\/\/www.canadaedulatino.com\/site\/wp-json\/wp\/v2\/comments?post=225"}],"version-history":[{"count":4,"href":"https:\/\/www.canadaedulatino.com\/site\/wp-json\/wp\/v2\/pages\/225\/revisions"}],"predecessor-version":[{"id":488,"href":"https:\/\/www.canadaedulatino.com\/site\/wp-json\/wp\/v2\/pages\/225\/revisions\/488"}],"wp:featuredmedia":[{"embeddable":true,"href":"https:\/\/www.canadaedulatino.com\/site\/wp-json\/wp\/v2\/media\/29"}],"wp:attachment":[{"href":"https:\/\/www.canadaedulatino.com\/site\/wp-json\/wp\/v2\/media?parent=225"}],"curies":[{"name":"wp","href":"https:\/\/api.w.org\/{rel}","templated":true}]}}