{"id":147,"date":"2020-12-05T21:22:24","date_gmt":"2020-12-05T21:22:24","guid":{"rendered":"https:\/\/www.canadaeduconsult.com\/site\/home-francais\/"},"modified":"2021-01-10T02:06:32","modified_gmt":"2021-01-10T02:06:32","slug":"home-francais","status":"publish","type":"page","link":"https:\/\/www.canadaedulatino.com\/site\/fr\/home-francais\/","title":{"rendered":"Accueil"},"content":{"rendered":"<div class=\"section-full-width section-custom\" style=\"background-color:#ffffff;\" id=\"section-1\"><div style=\"background-image:url(https:\/\/www.canadaeduconsult.com\/site\/wp-content\/uploads\/2021\/01\/buildings-2297210_1920.jpg); opacity:1; filter: alpha(opacity=100);\" class=\"full-bg-image\" ><\/div><div class=\"section-boxed\" style=\"color:#ffffff;\"><\/p>\n<h1 style=\"font-size: 500%;\">Notre mission:<\/h1>\n<h1 style=\"text-align: center; font-size: 400%;\">Passez \u00e0 la prochaine \u00e9tape de votre carri\u00e8re &#8230;<\/h1>\n<h1 style=\"text-align: right; font-size: 400%; color: red;\">Au Canada!<\/h1>\n<p>\n<\/div><\/div>\n<div class=\"section-full-width section-light\" style=\"background-color:#ffffff;\" id=\"section-2\"><div class=\"section-boxed\" style=\"color:#777777;\"><\/p>\n<h1 style=\"font-size: 450%;\">Pourquoi le Canada?<\/h1>\n<h1>Un environnement bilingue<\/h1>\n<p>Le Canada est un pays bilingue, ce qui fait des \u00e9tudes ici une excellente occasion de d\u00e9velopper vos comp\u00e9tences linguistiques et d&#8217;augmenter vos perspectives de carri\u00e8re.<\/p>\n<h1>Une \u00e9ducation de classe mondiale<\/h1>\n<p>Les dipl\u00f4mes universitaires et coll\u00e9giaux canadiens sont reconnus dans le monde entier.<\/p>\n<p>Cinq universit\u00e9s canadiennes se sont class\u00e9es parmi les 100 meilleures universit\u00e9s du monde en 2018, selon le classement mondial des universit\u00e9s du Times Higher Education.<\/p>\n<h1>Acqu\u00e9rir une exp\u00e9rience professionnelle au Canada apr\u00e8s l&#8217;obtention de votre dipl\u00f4me<\/h1>\n<p>Le gouvernement canadien offre un programme de travail aux \u00e9tudiants qui ont obtenu un dipl\u00f4me d&#8217;un \u00e9tablissement d&#8217;enseignement sup\u00e9rieur au Canada et qui cherchent \u00e0 acqu\u00e9rir une exp\u00e9rience professionnelle.<\/p>\n<h1>B\u00e9n\u00e9ficier d&#8217;une excellente qualit\u00e9 de vie<\/h1>\n<p>Selon le QS World University Rankings, trois villes canadiennes, Toronto, Montr\u00e9al et Vancouver, figurent dans la liste des 50 premi\u00e8res villes \u00e9tudiantes.<\/p>\n<h1>Vivre une exp\u00e9rience culturelle enrichissante<\/h1>\n<p>Le Canada a une population tr\u00e8s diversifi\u00e9e, ce qui se traduit par une sc\u00e8ne culturelle riche et dynamique. Des carnavals et des festivit\u00e9s aux sites historiques et \u00e0 la culture des Premi\u00e8res nations, le Canada offre les meilleures exp\u00e9riences.<\/p>\n<p>\n<\/div><\/div>\n<div class=\"section-full-width section-dark parallax-fixed\" style=\"background-color:#003170;\" id=\"section-3\"><div style=\"background-image:url(https:\/\/www.canadaeduconsult.com\/site\/wp-content\/uploads\/2020\/12\/rnd-logo.png); opacity:0.1; filter: alpha(opacity=10);\" class=\"full-bg-image\" ><\/div><div class=\"section-boxed\" style=\"color:#ffffff;\"><\/p>\n<h1 style=\"font-size: 450%;\">COMMENT?<\/h1>\n<h2 style=\"font-size: 350%;\">5 \u00c9TAPES SIMPLES.<\/h2>\n<ul>\n<li style=\"font-size: 150%; text-align: left;\">D\u00e9couvrez des programmes au Canada qui correspondent \u00e0 votre passion, vos r\u00eaves et vos objectifs souhait\u00e9s.<\/li>\n<li style=\"font-size: 150%; text-align: left;\">S\u00e9lectionnez celui qui correspond \u00e0 votre budget et \u00e0 vos objectifs de carri\u00e8re.<\/li>\n<li style=\"font-size: 150%; text-align: left;\">Appliquer \u00e0 votre programme souhait\u00e9.<\/li>\n<li style=\"font-size: 150%; text-align: left;\">Demandez votre permis d&#8217;\u00e9tudes au Canada.<\/li>\n<li style=\"font-size: 150%; text-align: left;\">Pr\u00e9parez vos bagages et pr\u00e9parez-vous \u00e0 voyager au Canada.<\/li>\n<\/ul>\n<p>\n<\/div><\/div>\n<div class=\"section-full-width section-dark\" style=\"background-color:#3868a6;\" id=\"section-4\"><div class=\"section-boxed\" style=\"color:#ffffff;\"><\/p>\n<h1 style=\"font-size: 450%;\">POURQUOI NOUS?<\/h1>\n<p style=\"font-size: 150%;\">Parce que nous l&#8217;avons d\u00e9j\u00e0 fait, nous avons v\u00e9cu l&#8217;exp\u00e9rience du d\u00e9but \u00e0 la fin. Nous connaissons vos pr\u00e9occupations et comprenons vos craintes.<\/p>\n<h2 class=\"white-font\" style=\"font-size: 300%;\">Et&#8230;<\/h2>\n<p style=\"font-size: 150%;\">Maintenant, <strong>C&#8217;EST \u00c0 TOI<\/strong>\u00a0de le faire aussi. Laissez notre \u00e9quipe vous accompagner pour r\u00e9aliser <strong>VOS R\u00caVES<\/strong>.<\/p>\n<h2 style=\"font-size: 300%;\">VOUS D\u00c9SERVEZ une brillante carri\u00e8re<\/h2>\n<ul>\n<li style=\"font-size: 150%;\">D\u00e9couvrez ce que signifie un v\u00e9ritable \u00e9tat d&#8217;esprit mondial.<\/li>\n<li style=\"font-size: 150%;\">Apprenez \u00e0 conna\u00eetre les diff\u00e9rentes cultures et nationalit\u00e9s qui vivent au m\u00eame endroit.<\/li>\n<li style=\"font-size: 150%;\">Entrez en contact avec de nouvelles personnes et faites-vous des amis.<\/li>\n<li style=\"font-size: 150%;\">Profitez d&#8217;une \u00e9ducation de classe mondiale.<\/li>\n<\/ul>\n<h2 style=\"text-align: center; font-size: 300%;\">NOUS VOULONS VOTRE SUCC\u00c8S!<\/h2>\n<h2 style=\"text-align: center; font-size: 300%;\">NOUS VOULONS QUE VOUS SOYEZ UN CITOYEN DU MONDE!<\/h2>\n<p>\n<\/div><\/div>\n<p>&nbsp;<\/p>\n<div class=\"cta-element\"><h4 class=\"cta-small-title\">Nous aimerions recevoir de vos nouvelles! Contactez notre \u00e9quipe de r\u00e9ussite client d\u00e8s maintenant!<\/h4><h2 class=\"cta-title\">Connecte-toi avec nous<\/h2><a class=\"button\" href=\"https:\/\/www.canadaeduconsult.com\/site\/connect\/\" style=\"background-color:#08418c\">Allons-y<\/a><\/div>\n","protected":false},"excerpt":{"rendered":"<p>&nbsp;<\/p>\n","protected":false},"author":1,"featured_media":0,"parent":0,"menu_order":0,"comment_status":"closed","ping_status":"closed","template":"template-full-custom.php","meta":[],"aioseo_notices":[],"_links":{"self":[{"href":"https:\/\/www.canadaedulatino.com\/site\/wp-json\/wp\/v2\/pages\/147"}],"collection":[{"href":"https:\/\/www.canadaedulatino.com\/site\/wp-json\/wp\/v2\/pages"}],"about":[{"href":"https:\/\/www.canadaedulatino.com\/site\/wp-json\/wp\/v2\/types\/page"}],"author":[{"embeddable":true,"href":"https:\/\/www.canadaedulatino.com\/site\/wp-json\/wp\/v2\/users\/1"}],"replies":[{"embeddable":true,"href":"https:\/\/www.canadaedulatino.com\/site\/wp-json\/wp\/v2\/comments?post=147"}],"version-history":[{"count":11,"href":"https:\/\/www.canadaedulatino.com\/site\/wp-json\/wp\/v2\/pages\/147\/revisions"}],"predecessor-version":[{"id":265,"href":"https:\/\/www.canadaedulatino.com\/site\/wp-json\/wp\/v2\/pages\/147\/revisions\/265"}],"wp:attachment":[{"href":"https:\/\/www.canadaedulatino.com\/site\/wp-json\/wp\/v2\/media?parent=147"}],"curies":[{"name":"wp","href":"https:\/\/api.w.org\/{rel}","templated":true}]}}