{"id":146,"date":"2020-12-05T21:22:24","date_gmt":"2020-12-05T21:22:24","guid":{"rendered":"https:\/\/www.canadaeduconsult.com\/site\/home-espanol\/"},"modified":"2022-02-06T19:27:34","modified_gmt":"2022-02-07T00:27:34","slug":"inicio","status":"publish","type":"page","link":"https:\/\/www.canadaedulatino.com\/site\/es\/inicio\/","title":{"rendered":"Inicio"},"content":{"rendered":"<div class=\"section-full-width section-light-bg\" style=\"background-color:#FFFFFF;\" id=\"nuestrosservicios\"><div class=\"section-boxed\" style=\"color:#373737;\"><h2 class=\"section-title\" style=\"color:#252525;\">NUESTROS SERVICIOS<\/h2><div class=\"services-wrapper services-default cols-wrapper cols-2\"><div class=\"services-box col\"><a href=\"https:\/\/www.canadaedulatino.com\/site\/es\/cursos-de-idiomas-en-canada\/\"><div class=\"img-container\"><img src=\"https:\/\/www.canadaedulatino.com\/site\/wp-content\/uploads\/2021\/01\/gen-english-569x379.jpg\" alt=\"Cursos de Idiomas\"\/><\/div><\/a><div class=\"services-content\"><div class=\"sc-wraper\"><h3><a href=\"https:\/\/www.canadaedulatino.com\/site\/es\/cursos-de-idiomas-en-canada\/\">Cursos de Idiomas<\/a><\/h3><p>Te ofrecemos una amplia variedad de programas de idioma presenciales y a distancia.<\/p><\/div><\/div><\/div><div class=\"services-box col nomargin\"><a href=\"https:\/\/www.canadaedulatino.com\/site\/es\/servicios\/\"><div class=\"img-container\"><img src=\"https:\/\/www.canadaedulatino.com\/site\/wp-content\/uploads\/2021\/01\/academic-569x379.jpg\" alt=\"Programas Universitarios\"\/><\/div><\/a><div class=\"services-content\"><div class=\"sc-wraper\"><h3><a href=\"https:\/\/www.canadaedulatino.com\/site\/es\/servicios\/\">Programas Universitarios<\/a><\/h3><p>Descubre programas vocacionales, t\u00e9cnicos, universitarios  y mas en toda Canad\u00e1. <\/p><\/div><\/div><\/div><div class=\"clear\"><\/div><\/div>\n<\/div><\/div>\n<div class=\"section-full-width section-light-bg\" style=\"background-color:#ffffff;\" id=\"procesodeaplicaci\u00f3nsimplificado\"><div class=\"section-boxed\" style=\"color:#373737;\"><h2 class=\"section-title\" style=\"color:#252525;\">Proceso de aplicaci\u00f3n simplificado<\/h2><div class=\"services-wrapper services-icon cols-wrapper cols-4 pexeto-parallax\"><div class=\"services-box col\"><div class=\"img-container\"><img src=\"https:\/\/www.canadaedulatino.com\/site\/wp-content\/uploads\/2022\/02\/check.png\" alt=\"Descubre\"\/><\/div><div class=\"services-content\"><div class=\"sc-wraper\"><h3>Descubre<\/h3><p>Programas en Canada que se adapten a tu pasi\u00f3n, tus sue\u00f1os y tus metas.<\/p><\/div><\/div><\/div><div class=\"services-box col\"><div class=\"img-container\"><img src=\"https:\/\/www.canadaedulatino.com\/site\/wp-content\/uploads\/2022\/02\/job-description.png\" alt=\"Aplica\"\/><\/div><div class=\"services-content\"><div class=\"sc-wraper\"><h3>Aplica<\/h3><p>a tu programa de estudios en Canad\u00e1.<\/p><\/div><\/div><\/div><div class=\"services-box col\"><div class=\"img-container\"><img src=\"https:\/\/www.canadaedulatino.com\/site\/wp-content\/uploads\/2022\/02\/passport-1.png\" alt=\"Solicita\"\/><\/div><div class=\"services-content\"><div class=\"sc-wraper\"><h3>Solicita<\/h3><p>la visa o permiso que requiere tu programa de estudios.<\/p><\/div><\/div><\/div><div class=\"services-box col nomargin\"><div class=\"img-container\"><img src=\"https:\/\/www.canadaedulatino.com\/site\/wp-content\/uploads\/2022\/02\/travel-luggage.png\" alt=\"Prepara\"\/><\/div><div class=\"services-content\"><div class=\"sc-wraper\"><h3>Prepara<\/h3><p>tus maletas y al\u00edstate para salir.<\/p><\/div><\/div><\/div><div class=\"clear\"><\/div><\/div>\n<\/div><\/div>\n<div class=\"section-full-width section-light-bg\" style=\"background-color:#ffffff&quot;;\" id=\"partners\"><div class=\"section-boxed\" style=\"color:#373737;\"><h2 class=\"section-title\" style=\"color:#252525;\">Partners<\/h2><div class=\"services-wrapper services-default cols-wrapper cols-3 pexeto-parallax\"><div class=\"services-box col\"><div class=\"img-container\"><img src=\"https:\/\/www.canadaedulatino.com\/site\/wp-content\/uploads\/2021\/03\/logo-quebecidiomas.png\" alt=\"Quebec Idiomas\"\/><\/div><div class=\"services-content\"><div class=\"sc-wraper\"><h3>Quebec Idiomas<\/h3><p>Qu\u00e9bec Centro de Idiomas es un instituto de ense\u00f1anza de lenguas extranjeras que ofrece cursos regulares, intensivos, sabatinos y clases privadas.<\/p><\/div><\/div><\/div><div class=\"services-box col\"><div class=\"img-container\"><img src=\"https:\/\/www.canadaedulatino.com\/site\/wp-content\/uploads\/2022\/02\/Language-School-Color-Logo-Horizontal.png\" alt=\"ILSC - Language School\"\/><\/div><div class=\"services-content\"><div class=\"sc-wraper\"><h3>ILSC - Language School<\/h3><p>ILSC Education Group (ILSC Language Schools & Greystone Colleges) offers English & French programs, vocational training, higher education pathways & more.<\/p><\/div><\/div><\/div><div class=\"services-box col nomargin\"><div class=\"img-container\"><img src=\"https:\/\/www.canadaedulatino.com\/site\/wp-content\/uploads\/2022\/02\/logo_Greystone_College-Color-Logo-Horizontal-1.png\" alt=\"Greystone College\"\/><\/div><div class=\"services-content\"><div class=\"sc-wraper\"><h3>Greystone College<\/h3><p>Open Global Career & Life Opportunities in Business,\r\nDigital Marketing, Hospitality, & English Teaching<\/p><\/div><\/div><\/div><div class=\"services-box col\"><div class=\"img-container\"><img src=\"https:\/\/www.canadaedulatino.com\/site\/wp-content\/uploads\/2022\/02\/trebas-logo.png\" alt=\"Trebas Institute\"\/><\/div><div class=\"services-content\"><div class=\"sc-wraper\"><h3>Trebas Institute<\/h3><p>Trebas Institute provides a variety of diplomas in the audio, film & television, business & technology, music, event and entertainment industry.<\/p><\/div><\/div><\/div><div class=\"services-box col nomargin\"><div class=\"img-container\"><img src=\"https:\/\/www.canadaedulatino.com\/site\/wp-content\/uploads\/2022\/02\/applyboard_logo.png\" alt=\"Applyboard\"\/><\/div><div class=\"services-content\"><div class=\"sc-wraper\"><h3>Applyboard<\/h3><p>Socio de reclutamiento con mas de 1200 instituciones acad\u00e9micas afiliadas.<\/p><\/div><\/div><\/div><div class=\"clear\"><\/div><\/div>\n<\/div><\/div>\n<div class=\"section-full-width section-light-bg\" style=\"background-color:#ffffff&quot;;\" id=\"section-blog\"><div class=\"section-boxed\" style=\"color:#373737;\"><h2 class=\"section-title\" style=\"color:#252525;\">Blog<\/h2><div class=\"pexeto-recent-posts rp-list\"><ul><li><span class=\"rp-date\">January 8, 2022<\/span><div class=\"rp-info\"><h3><a href=\"https:\/\/www.canadaedulatino.com\/site\/es\/2022\/01\/08\/la-mejor-lista-de-podcasts-para-perfeccionar-tu-nivel-de-ingles\/\" data-hover=\"La mejor lista de Podcasts para perfeccionar tu nivel de ingl\u00e9s.\">La mejor lista de Podcasts para perfeccionar tu nivel de ingl\u00e9s.<\/a><\/h3><\/div><span class=\"rp-cat\"><a href=\"https:\/\/www.canadaedulatino.com\/site\/es\/category\/general\/idiomas\/\">Idiomas<\/a><\/span><\/li><li><span class=\"rp-date\">July 2, 2021<\/span><div class=\"rp-info\"><h3><a href=\"https:\/\/www.canadaedulatino.com\/site\/es\/2021\/07\/02\/beca-de-2000-para-estudiantes-de-america-latina-en-niagara-college\/\" data-hover=\"Becas de $2,000 para estudiantes de Am\u00e9rica Latina en Niagara College\">Becas de $2,000 para estudiantes de Am\u00e9rica Latina en Niagara College<\/a><\/h3><\/div><span class=\"rp-cat\"><a href=\"https:\/\/www.canadaedulatino.com\/site\/es\/category\/general\/becas\/\">Becas<\/a><\/span><\/li><li><span class=\"rp-date\">July 2, 2021<\/span><div class=\"rp-info\"><h3><a href=\"https:\/\/www.canadaedulatino.com\/site\/es\/2021\/07\/02\/que-es-una-carta-de-admision-y-por-que-es-importante\/\" data-hover=\"\u00bfQu\u00e9 es una carta de admisi\u00f3n y por qu\u00e9 es importante?\">\u00bfQu\u00e9 es una carta de admisi\u00f3n y por qu\u00e9 es importante?<\/a><\/h3><\/div><span class=\"rp-cat\"><a href=\"https:\/\/www.canadaedulatino.com\/site\/es\/category\/general\/estudios\/\">Estudios<\/a><\/span><\/li><\/ul><\/div>\n<\/div><\/div>\n<div class=\"section-full-width section-light-bg parallax-fixed\" style=\"background-color:#ffffff; min-height:450px;\" id=\"section-1\"><div class=\"section-boxed\" style=\"color:#373737;\"><div class=\"cta-element\"><h2 class=\"cta-title\">\u00a1Cont\u00e1ctanos!<\/h2><a class=\"button\" href=\"https:\/\/canadaedulatino.mailchimpsites.com\">Agenda Ya<\/a><\/div>\n<\/div><\/div>\n","protected":false},"excerpt":{"rendered":"","protected":false},"author":1,"featured_media":0,"parent":0,"menu_order":0,"comment_status":"closed","ping_status":"closed","template":"template-full-custom.php","meta":[],"aioseo_notices":[],"_links":{"self":[{"href":"https:\/\/www.canadaedulatino.com\/site\/wp-json\/wp\/v2\/pages\/146"}],"collection":[{"href":"https:\/\/www.canadaedulatino.com\/site\/wp-json\/wp\/v2\/pages"}],"about":[{"href":"https:\/\/www.canadaedulatino.com\/site\/wp-json\/wp\/v2\/types\/page"}],"author":[{"embeddable":true,"href":"https:\/\/www.canadaedulatino.com\/site\/wp-json\/wp\/v2\/users\/1"}],"replies":[{"embeddable":true,"href":"https:\/\/www.canadaedulatino.com\/site\/wp-json\/wp\/v2\/comments?post=146"}],"version-history":[{"count":75,"href":"https:\/\/www.canadaedulatino.com\/site\/wp-json\/wp\/v2\/pages\/146\/revisions"}],"predecessor-version":[{"id":793,"href":"https:\/\/www.canadaedulatino.com\/site\/wp-json\/wp\/v2\/pages\/146\/revisions\/793"}],"wp:attachment":[{"href":"https:\/\/www.canadaedulatino.com\/site\/wp-json\/wp\/v2\/media?parent=146"}],"curies":[{"name":"wp","href":"https:\/\/api.w.org\/{rel}","templated":true}]}}